{"id":15686,"date":"2020-06-26T22:58:50","date_gmt":"2020-06-26T22:58:50","guid":{"rendered":"https:\/\/klapsimm.com\/?page_id=15686"},"modified":"2020-06-29T00:22:39","modified_gmt":"2020-06-29T00:22:39","slug":"renovacao-do-seu-status-no-canada","status":"publish","type":"page","link":"https:\/\/klapsimm.com\/en\/renovacao-do-seu-status-no-canada\/","title":{"rendered":"Extend your status in Canada"},"content":{"rendered":"<div data-elementor-type=\"wp-page\" data-elementor-id=\"15686\" class=\"elementor elementor-15686\" data-elementor-post-type=\"page\">\n\t\t\t\t\t\t<section class=\"elementor-section elementor-top-section elementor-element elementor-element-7780bd3 elementor-section-boxed elementor-section-height-default elementor-section-height-default\" data-id=\"7780bd3\" data-element_type=\"section\" data-e-type=\"section\">\n\t\t\t\t\t\t<div class=\"elementor-container elementor-column-gap-default\">\n\t\t\t\t\t<div class=\"elementor-column elementor-col-50 elementor-top-column elementor-element elementor-element-87b90bc\" data-id=\"87b90bc\" data-element_type=\"column\" data-e-type=\"column\">\n\t\t\t<div class=\"elementor-widget-wrap elementor-element-populated\">\n\t\t\t\t\t\t<div class=\"elementor-element elementor-element-29e84db elementor-widget-divider--view-line elementor-widget elementor-widget-divider\" data-id=\"29e84db\" data-element_type=\"widget\" data-e-type=\"widget\" data-widget_type=\"divider.default\">\n\t\t\t\t<div class=\"elementor-widget-container\">\n\t\t\t\t\t\t\t<div class=\"elementor-divider\">\n\t\t\t<span class=\"elementor-divider-separator\">\n\t\t\t\t\t\t<\/span>\n\t\t<\/div>\n\t\t\t\t\t\t<\/div>\n\t\t\t\t<\/div>\n\t\t\t\t\t<\/div>\n\t\t<\/div>\n\t\t\t\t<div class=\"elementor-column elementor-col-50 elementor-top-column elementor-element elementor-element-04cb635\" data-id=\"04cb635\" data-element_type=\"column\" data-e-type=\"column\">\n\t\t\t<div class=\"elementor-widget-wrap elementor-element-populated\">\n\t\t\t\t\t\t\t<\/div>\n\t\t<\/div>\n\t\t\t\t\t<\/div>\n\t\t<\/section>\n\t\t\t\t<section class=\"elementor-section elementor-top-section elementor-element elementor-element-6ea9ba5 elementor-reverse-mobile elementor-section-boxed elementor-section-height-default elementor-section-height-default\" data-id=\"6ea9ba5\" data-element_type=\"section\" data-e-type=\"section\">\n\t\t\t\t\t\t<div class=\"elementor-container elementor-column-gap-default\">\n\t\t\t\t\t<div class=\"elementor-column elementor-col-100 elementor-top-column elementor-element elementor-element-14ece05\" data-id=\"14ece05\" data-element_type=\"column\" data-e-type=\"column\" data-settings=\"{&quot;background_background&quot;:&quot;classic&quot;}\">\n\t\t\t<div class=\"elementor-widget-wrap elementor-element-populated\">\n\t\t\t\t\t\t<div class=\"elementor-element elementor-element-63a824e elementor-widget elementor-widget-text-editor\" data-id=\"63a824e\" data-element_type=\"widget\" data-e-type=\"widget\" data-widget_type=\"text-editor.default\">\n\t\t\t\t<div class=\"elementor-widget-container\">\n\t\t\t\t\t\t\t\t\t<p>As a temporary resident (visitor, student or worker) in Canada it is your responsibility to keep your immigration status valid.<\/p>\n<p>If your status is expiring soon and you wish to remain in Canada, it is important to renew your status or change it before it becomes invalid. This will ensure that you remain in the country legally under the implied status prerogatives.<\/p>\n<p>If your status is expiring soon and you wish to remain in Canada, it is important to renew your status or change it before it becomes invalid. This will ensure that you remain in the country legally under the implied status prerogatives.&nbsp;<\/p>\t\t\t\t\t\t\t\t<\/div>\n\t\t\t\t<\/div>\n\t\t\t\t<div class=\"elementor-element elementor-element-0e4b81f elementor-align-center elementor-widget elementor-widget-button\" data-id=\"0e4b81f\" data-element_type=\"widget\" data-e-type=\"widget\" data-widget_type=\"button.default\">\n\t\t\t\t<div class=\"elementor-widget-container\">\n\t\t\t\t\t\t\t\t\t<div class=\"elementor-button-wrapper\">\n\t\t\t\t\t<a class=\"elementor-button elementor-button-link elementor-size-sm elementor-animation-grow\" href=\"http:\/\/5gd.37e.myftpupload.com\/contato\/\">\n\t\t\t\t\t\t<span class=\"elementor-button-content-wrapper\">\n\t\t\t\t\t\t\t\t\t<span class=\"elementor-button-text\">CONTACT US<\/span>\n\t\t\t\t\t<\/span>\n\t\t\t\t\t<\/a>\n\t\t\t\t<\/div>\n\t\t\t\t\t\t\t\t<\/div>\n\t\t\t\t<\/div>\n\t\t\t\t\t<\/div>\n\t\t<\/div>\n\t\t\t\t\t<\/div>\n\t\t<\/section>\n\t\t\t\t<\/div>","protected":false},"excerpt":{"rendered":"<p>Como residente tempor\u00e1rio (visitante, estudante ou trabalhador) no Canad\u00e1 \u00e9 de sua responsabilidade manter o seu status imigrat\u00f3rio em dia. Se o seu status ir\u00e1 vencer em breve e voc\u00ea deseja continuar no Canad\u00e1, solicite a renova\u00e7\u00e3o do seu status ou mudan\u00e7a do mesmo antes do seu vencimento para voc\u00ea poder permanecer no pa\u00eds legalmente &hellip; <\/p>\n<p class=\"link-more\"><a href=\"https:\/\/klapsimm.com\/en\/renovacao-do-seu-status-no-canada\/\" class=\"more-link\">Continue reading<span class=\"screen-reader-text\"> &#8220;Renova\u00e7\u00e3o do seu status no Canad\u00e1&#8221;<\/span><\/a><\/p>","protected":false},"author":1,"featured_media":0,"parent":0,"menu_order":0,"comment_status":"closed","ping_status":"closed","template":"elementor_header_footer","meta":{"_monsterinsights_skip_tracking":false,"_monsterinsights_sitenote_active":false,"_monsterinsights_sitenote_note":"","_monsterinsights_sitenote_category":0,"footnotes":""},"class_list":["post-15686","page","type-page","status-publish","hentry"],"yoast_head":"<!-- This site is optimized with the Yoast SEO plugin v27.4 - https:\/\/yoast.com\/product\/yoast-seo-wordpress\/ -->\n<title>Renova\u00e7\u00e3o do seu status no Canad\u00e1 - Klaps Immigration<\/title>\n<meta name=\"robots\" content=\"index, follow, max-snippet:-1, max-image-preview:large, max-video-preview:-1\" \/>\n<link rel=\"canonical\" href=\"https:\/\/klapsimm.com\/en\/renovacao-do-seu-status-no-canada\/\" \/>\n<meta property=\"og:locale\" content=\"en_US\" \/>\n<meta property=\"og:type\" content=\"article\" \/>\n<meta property=\"og:title\" content=\"Renova\u00e7\u00e3o do seu status no Canad\u00e1 - Klaps Immigration\" \/>\n<meta property=\"og:description\" content=\"Como residente tempor\u00e1rio (visitante, estudante ou trabalhador) no Canad\u00e1 \u00e9 de sua responsabilidade manter o seu status imigrat\u00f3rio em dia. Se o seu status ir\u00e1 vencer em breve e voc\u00ea deseja continuar no Canad\u00e1, solicite a renova\u00e7\u00e3o do seu status ou mudan\u00e7a do mesmo antes do seu vencimento para voc\u00ea poder permanecer no pa\u00eds legalmente &hellip; Continue reading &quot;Renova\u00e7\u00e3o do seu status no Canad\u00e1&quot;\" \/>\n<meta property=\"og:url\" content=\"https:\/\/klapsimm.com\/en\/renovacao-do-seu-status-no-canada\/\" \/>\n<meta property=\"og:site_name\" content=\"Klaps Immigration\" \/>\n<meta property=\"article:modified_time\" content=\"2020-06-29T00:22:39+00:00\" \/>\n<meta name=\"twitter:card\" content=\"summary_large_image\" \/>\n<meta name=\"twitter:label1\" content=\"Est. reading time\" \/>\n\t<meta name=\"twitter:data1\" content=\"1 minute\" \/>\n<script type=\"application\/ld+json\" class=\"yoast-schema-graph\">{\"@context\":\"https:\\\/\\\/schema.org\",\"@graph\":[{\"@type\":\"WebPage\",\"@id\":\"https:\\\/\\\/klapsimm.com\\\/renovacao-do-seu-status-no-canada\\\/\",\"url\":\"https:\\\/\\\/klapsimm.com\\\/renovacao-do-seu-status-no-canada\\\/\",\"name\":\"Renova\u00e7\u00e3o do seu status no Canad\u00e1 - Klaps Immigration\",\"isPartOf\":{\"@id\":\"https:\\\/\\\/klapsimm.com\\\/#website\"},\"datePublished\":\"2020-06-26T22:58:50+00:00\",\"dateModified\":\"2020-06-29T00:22:39+00:00\",\"breadcrumb\":{\"@id\":\"https:\\\/\\\/klapsimm.com\\\/renovacao-do-seu-status-no-canada\\\/#breadcrumb\"},\"inLanguage\":\"en-CA\",\"potentialAction\":[{\"@type\":\"ReadAction\",\"target\":[\"https:\\\/\\\/klapsimm.com\\\/renovacao-do-seu-status-no-canada\\\/\"]}]},{\"@type\":\"BreadcrumbList\",\"@id\":\"https:\\\/\\\/klapsimm.com\\\/renovacao-do-seu-status-no-canada\\\/#breadcrumb\",\"itemListElement\":[{\"@type\":\"ListItem\",\"position\":1,\"name\":\"Home\",\"item\":\"https:\\\/\\\/klapsimm.com\\\/\"},{\"@type\":\"ListItem\",\"position\":2,\"name\":\"Renova\u00e7\u00e3o do seu status no Canad\u00e1\"}]},{\"@type\":\"WebSite\",\"@id\":\"https:\\\/\\\/klapsimm.com\\\/#website\",\"url\":\"https:\\\/\\\/klapsimm.com\\\/\",\"name\":\"Klaps Immigration\",\"description\":\"KLAPS IMMIGRATION CONSULTING INC.\u200b\",\"potentialAction\":[{\"@type\":\"SearchAction\",\"target\":{\"@type\":\"EntryPoint\",\"urlTemplate\":\"https:\\\/\\\/klapsimm.com\\\/?s={search_term_string}\"},\"query-input\":{\"@type\":\"PropertyValueSpecification\",\"valueRequired\":true,\"valueName\":\"search_term_string\"}}],\"inLanguage\":\"en-CA\"}]}<\/script>\n<!-- \/ Yoast SEO plugin. -->","yoast_head_json":{"title":"Renova\u00e7\u00e3o do seu status no Canad\u00e1 - Klaps Immigration","robots":{"index":"index","follow":"follow","max-snippet":"max-snippet:-1","max-image-preview":"max-image-preview:large","max-video-preview":"max-video-preview:-1"},"canonical":"https:\/\/klapsimm.com\/en\/renovacao-do-seu-status-no-canada\/","og_locale":"en_US","og_type":"article","og_title":"Renova\u00e7\u00e3o do seu status no Canad\u00e1 - Klaps Immigration","og_description":"Como residente tempor\u00e1rio (visitante, estudante ou trabalhador) no Canad\u00e1 \u00e9 de sua responsabilidade manter o seu status imigrat\u00f3rio em dia. Se o seu status ir\u00e1 vencer em breve e voc\u00ea deseja continuar no Canad\u00e1, solicite a renova\u00e7\u00e3o do seu status ou mudan\u00e7a do mesmo antes do seu vencimento para voc\u00ea poder permanecer no pa\u00eds legalmente &hellip; Continue reading \"Renova\u00e7\u00e3o do seu status no Canad\u00e1\"","og_url":"https:\/\/klapsimm.com\/en\/renovacao-do-seu-status-no-canada\/","og_site_name":"Klaps Immigration","article_modified_time":"2020-06-29T00:22:39+00:00","twitter_card":"summary_large_image","twitter_misc":{"Est. reading time":"1 minute"},"schema":{"@context":"https:\/\/schema.org","@graph":[{"@type":"WebPage","@id":"https:\/\/klapsimm.com\/renovacao-do-seu-status-no-canada\/","url":"https:\/\/klapsimm.com\/renovacao-do-seu-status-no-canada\/","name":"Renova\u00e7\u00e3o do seu status no Canad\u00e1 - Klaps Immigration","isPartOf":{"@id":"https:\/\/klapsimm.com\/#website"},"datePublished":"2020-06-26T22:58:50+00:00","dateModified":"2020-06-29T00:22:39+00:00","breadcrumb":{"@id":"https:\/\/klapsimm.com\/renovacao-do-seu-status-no-canada\/#breadcrumb"},"inLanguage":"en-CA","potentialAction":[{"@type":"ReadAction","target":["https:\/\/klapsimm.com\/renovacao-do-seu-status-no-canada\/"]}]},{"@type":"BreadcrumbList","@id":"https:\/\/klapsimm.com\/renovacao-do-seu-status-no-canada\/#breadcrumb","itemListElement":[{"@type":"ListItem","position":1,"name":"Home","item":"https:\/\/klapsimm.com\/"},{"@type":"ListItem","position":2,"name":"Renova\u00e7\u00e3o do seu status no Canad\u00e1"}]},{"@type":"WebSite","@id":"https:\/\/klapsimm.com\/#website","url":"https:\/\/klapsimm.com\/","name":"Klaps Immigration","description":"KLAPS IMMIGRATION CONSULTING INC.\u200b","potentialAction":[{"@type":"SearchAction","target":{"@type":"EntryPoint","urlTemplate":"https:\/\/klapsimm.com\/?s={search_term_string}"},"query-input":{"@type":"PropertyValueSpecification","valueRequired":true,"valueName":"search_term_string"}}],"inLanguage":"en-CA"}]}},"_links":{"self":[{"href":"https:\/\/klapsimm.com\/en\/wp-json\/wp\/v2\/pages\/15686","targetHints":{"allow":["GET"]}}],"collection":[{"href":"https:\/\/klapsimm.com\/en\/wp-json\/wp\/v2\/pages"}],"about":[{"href":"https:\/\/klapsimm.com\/en\/wp-json\/wp\/v2\/types\/page"}],"author":[{"embeddable":true,"href":"https:\/\/klapsimm.com\/en\/wp-json\/wp\/v2\/users\/1"}],"replies":[{"embeddable":true,"href":"https:\/\/klapsimm.com\/en\/wp-json\/wp\/v2\/comments?post=15686"}],"version-history":[{"count":0,"href":"https:\/\/klapsimm.com\/en\/wp-json\/wp\/v2\/pages\/15686\/revisions"}],"wp:attachment":[{"href":"https:\/\/klapsimm.com\/en\/wp-json\/wp\/v2\/media?parent=15686"}],"curies":[{"name":"wp","href":"https:\/\/api.w.org\/{rel}","templated":true}]}}